{"id":2,"date":"2023-04-19T11:19:58","date_gmt":"2023-04-19T11:19:58","guid":{"rendered":"https:\/\/web.rkinformatika.net\/mecanizadosemaldi\/?page_id=2"},"modified":"2023-05-18T11:56:47","modified_gmt":"2023-05-18T11:56:47","slug":"inicio","status":"publish","type":"page","link":"https:\/\/mecanizadosemaldi.com\/pt\/","title":{"rendered":"In\u00edcio"},"content":{"rendered":"\t\t<div data-elementor-type=\"wp-page\" data-elementor-id=\"2\" class=\"elementor elementor-2\" data-elementor-post-type=\"page\">\n\t\t\t\t\t\t<section class=\"elementor-section elementor-top-section elementor-element elementor-element-1be4f7a4 elementor-section-height-min-height elementor-section-boxed elementor-section-height-default elementor-section-items-middle\" data-id=\"1be4f7a4\" data-element_type=\"section\" data-e-type=\"section\" data-settings=\"{&quot;background_background&quot;:&quot;classic&quot;}\">\n\t\t\t\t\t\t\t<div class=\"elementor-background-overlay\"><\/div>\n\t\t\t\t\t\t\t<div class=\"elementor-container elementor-column-gap-default\">\n\t\t\t\t\t<div class=\"elementor-column elementor-col-100 elementor-top-column elementor-element elementor-element-da520d2\" data-id=\"da520d2\" data-element_type=\"column\" data-e-type=\"column\">\n\t\t\t<div class=\"elementor-widget-wrap elementor-element-populated\">\n\t\t\t\t\t\t<div class=\"elementor-element elementor-element-6538f85 elementor-invisible elementor-widget elementor-widget-heading\" data-id=\"6538f85\" data-element_type=\"widget\" data-e-type=\"widget\" data-settings=\"{&quot;_animation&quot;:&quot;fadeInLeft&quot;}\" data-widget_type=\"heading.default\">\n\t\t\t\t<div class=\"elementor-widget-container\">\n\t\t\t\t\t<h4 class=\"elementor-heading-title elementor-size-default\">Mecanizados Emaldi<\/h4>\t\t\t\t<\/div>\n\t\t\t\t<\/div>\n\t\t\t\t<div class=\"elementor-element elementor-element-638d212 elementor-widget__width-initial elementor-widget-mobile__width-initial elementor-invisible elementor-widget elementor-widget-heading\" data-id=\"638d212\" data-element_type=\"widget\" data-e-type=\"widget\" data-settings=\"{&quot;_animation&quot;:&quot;fadeInRight&quot;}\" data-widget_type=\"heading.default\">\n\t\t\t\t<div class=\"elementor-widget-container\">\n\t\t\t\t\t<h1 class=\"elementor-heading-title elementor-size-default\">Manejo de metales por encargo<\/h1>\t\t\t\t<\/div>\n\t\t\t\t<\/div>\n\t\t\t\t\t<\/div>\n\t\t<\/div>\n\t\t\t\t\t<\/div>\n\t\t<\/section>\n\t\t\t\t<section class=\"elementor-section elementor-top-section elementor-element elementor-element-6203dd3b elementor-section-boxed elementor-section-height-default elementor-section-height-default\" data-id=\"6203dd3b\" data-element_type=\"section\" data-e-type=\"section\">\n\t\t\t\t\t\t<div class=\"elementor-container elementor-column-gap-default\">\n\t\t\t\t\t<div class=\"elementor-column elementor-col-50 elementor-top-column elementor-element elementor-element-471d031e\" data-id=\"471d031e\" data-element_type=\"column\" data-e-type=\"column\">\n\t\t\t<div class=\"elementor-widget-wrap elementor-element-populated\">\n\t\t\t\t\t\t<div class=\"elementor-element elementor-element-62f1e250 elementor-widget elementor-widget-spacer\" data-id=\"62f1e250\" data-element_type=\"widget\" data-e-type=\"widget\" data-widget_type=\"spacer.default\">\n\t\t\t\t<div class=\"elementor-widget-container\">\n\t\t\t\t\t\t\t<div class=\"elementor-spacer\">\n\t\t\t<div class=\"elementor-spacer-inner\"><\/div>\n\t\t<\/div>\n\t\t\t\t\t\t<\/div>\n\t\t\t\t<\/div>\n\t\t\t\t<div class=\"elementor-element elementor-element-5979905b elementor-invisible elementor-widget elementor-widget-heading\" data-id=\"5979905b\" data-element_type=\"widget\" data-e-type=\"widget\" data-settings=\"{&quot;_animation&quot;:&quot;fadeInRight&quot;}\" data-widget_type=\"heading.default\">\n\t\t\t\t<div class=\"elementor-widget-container\">\n\t\t\t\t\t<h3 class=\"elementor-heading-title elementor-size-default\">PROCEDIMIENTOS DE TRANSFORMACI\u00d3N DE METALES <\/h3>\t\t\t\t<\/div>\n\t\t\t\t<\/div>\n\t\t\t\t<div class=\"elementor-element elementor-element-4cadfe31 elementor-widget elementor-widget-spacer\" data-id=\"4cadfe31\" data-element_type=\"widget\" data-e-type=\"widget\" data-widget_type=\"spacer.default\">\n\t\t\t\t<div class=\"elementor-widget-container\">\n\t\t\t\t\t\t\t<div class=\"elementor-spacer\">\n\t\t\t<div class=\"elementor-spacer-inner\"><\/div>\n\t\t<\/div>\n\t\t\t\t\t\t<\/div>\n\t\t\t\t<\/div>\n\t\t\t\t<div class=\"elementor-element elementor-element-643a0d40 elementor-widget elementor-widget-text-editor\" data-id=\"643a0d40\" data-element_type=\"widget\" data-e-type=\"widget\" data-widget_type=\"text-editor.default\">\n\t\t\t\t<div class=\"elementor-widget-container\">\n\t\t\t\t\t\t\t\t\t<p>Ingenier\u00eda mec\u00e1nica por cuenta de terceros con m\u00e1s de 15 a\u00f1os de experiencia en la ejecuci\u00f3n de transformaci\u00f3n de metales por medio de m\u00e1quinas, realizando servicios tanto por encargo seg\u00fan planos aportados como por empresas de forja.<\/p>\t\t\t\t\t\t\t\t<\/div>\n\t\t\t\t<\/div>\n\t\t\t\t<section class=\"elementor-section elementor-inner-section elementor-element elementor-element-4f94d4c9 elementor-section-boxed elementor-section-height-default elementor-section-height-default\" data-id=\"4f94d4c9\" data-element_type=\"section\" data-e-type=\"section\">\n\t\t\t\t\t\t<div class=\"elementor-container elementor-column-gap-no\">\n\t\t\t\t\t<div class=\"elementor-column elementor-col-50 elementor-inner-column elementor-element elementor-element-537782db\" data-id=\"537782db\" data-element_type=\"column\" data-e-type=\"column\">\n\t\t\t<div class=\"elementor-widget-wrap elementor-element-populated\">\n\t\t\t\t\t\t<div class=\"elementor-element elementor-element-7634d878 elementor-position-inline-start elementor-widget__width-initial elementor-view-default elementor-mobile-position-block-start elementor-invisible elementor-widget elementor-widget-icon-box\" data-id=\"7634d878\" data-element_type=\"widget\" data-e-type=\"widget\" data-settings=\"{&quot;_animation&quot;:&quot;fadeInUp&quot;}\" data-widget_type=\"icon-box.default\">\n\t\t\t\t<div class=\"elementor-widget-container\">\n\t\t\t\t\t\t\t<div class=\"elementor-icon-box-wrapper\">\n\n\t\t\t\t\t\t<div class=\"elementor-icon-box-icon\">\n\t\t\t\t<span  class=\"elementor-icon\">\n\t\t\t\t<i aria-hidden=\"true\" class=\"fas fa-clipboard-check\"><\/i>\t\t\t\t<\/span>\n\t\t\t<\/div>\n\t\t\t\n\t\t\t\t\t\t<div class=\"elementor-icon-box-content\">\n\n\t\t\t\t\t\t\t\t\t<h3 class=\"elementor-icon-box-title\">\n\t\t\t\t\t\t<span  >\n\t\t\t\t\t\t\tMiles\t\t\t\t\t\t<\/span>\n\t\t\t\t\t<\/h3>\n\t\t\t\t\n\t\t\t\t\t\t\t\t\t<p class=\"elementor-icon-box-description\">\n\t\t\t\t\t\tPiezas entregadas\t\t\t\t\t<\/p>\n\t\t\t\t\n\t\t\t<\/div>\n\t\t\t\n\t\t<\/div>\n\t\t\t\t\t\t<\/div>\n\t\t\t\t<\/div>\n\t\t\t\t\t<\/div>\n\t\t<\/div>\n\t\t\t\t<div class=\"elementor-column elementor-col-50 elementor-inner-column elementor-element elementor-element-7f654fe9\" data-id=\"7f654fe9\" data-element_type=\"column\" data-e-type=\"column\">\n\t\t\t<div class=\"elementor-widget-wrap elementor-element-populated\">\n\t\t\t\t\t\t<div class=\"elementor-element elementor-element-6dd6d456 elementor-position-inline-start elementor-widget__width-initial elementor-view-default elementor-mobile-position-block-start elementor-invisible elementor-widget elementor-widget-icon-box\" data-id=\"6dd6d456\" data-element_type=\"widget\" data-e-type=\"widget\" data-settings=\"{&quot;_animation&quot;:&quot;fadeInUp&quot;}\" data-widget_type=\"icon-box.default\">\n\t\t\t\t<div class=\"elementor-widget-container\">\n\t\t\t\t\t\t\t<div class=\"elementor-icon-box-wrapper\">\n\n\t\t\t\t\t\t<div class=\"elementor-icon-box-icon\">\n\t\t\t\t<span  class=\"elementor-icon\">\n\t\t\t\t<i aria-hidden=\"true\" class=\"fas fa-user-check\"><\/i>\t\t\t\t<\/span>\n\t\t\t<\/div>\n\t\t\t\n\t\t\t\t\t\t<div class=\"elementor-icon-box-content\">\n\n\t\t\t\t\t\t\t\t\t<h3 class=\"elementor-icon-box-title\">\n\t\t\t\t\t\t<span  >\n\t\t\t\t\t\t\tSatisfacci\u00f3n\t\t\t\t\t\t<\/span>\n\t\t\t\t\t<\/h3>\n\t\t\t\t\n\t\t\t\t\t\t\t\t\t<p class=\"elementor-icon-box-description\">\n\t\t\t\t\t\tEmpresas y personas \t\t\t\t\t<\/p>\n\t\t\t\t\n\t\t\t<\/div>\n\t\t\t\n\t\t<\/div>\n\t\t\t\t\t\t<\/div>\n\t\t\t\t<\/div>\n\t\t\t\t\t<\/div>\n\t\t<\/div>\n\t\t\t\t\t<\/div>\n\t\t<\/section>\n\t\t\t\t\t<\/div>\n\t\t<\/div>\n\t\t\t\t<div class=\"elementor-column elementor-col-50 elementor-top-column elementor-element elementor-element-4b7a12be\" data-id=\"4b7a12be\" data-element_type=\"column\" data-e-type=\"column\">\n\t\t\t<div class=\"elementor-widget-wrap elementor-element-populated\">\n\t\t\t\t\t\t<div class=\"elementor-element elementor-element-7ad25bc e-transform elementor-invisible elementor-widget elementor-widget-image\" data-id=\"7ad25bc\" data-element_type=\"widget\" data-e-type=\"widget\" data-settings=\"{&quot;motion_fx_motion_fx_scrolling&quot;:&quot;yes&quot;,&quot;_animation&quot;:&quot;fadeIn&quot;,&quot;motion_fx_devices&quot;:[&quot;desktop&quot;,&quot;tablet&quot;,&quot;mobile&quot;],&quot;_transform_rotateZ_effect&quot;:{&quot;unit&quot;:&quot;px&quot;,&quot;size&quot;:&quot;&quot;,&quot;sizes&quot;:[]},&quot;_transform_rotateZ_effect_tablet&quot;:{&quot;unit&quot;:&quot;deg&quot;,&quot;size&quot;:&quot;&quot;,&quot;sizes&quot;:[]},&quot;_transform_rotateZ_effect_mobile&quot;:{&quot;unit&quot;:&quot;deg&quot;,&quot;size&quot;:&quot;&quot;,&quot;sizes&quot;:[]}}\" data-widget_type=\"image.default\">\n\t\t\t\t<div class=\"elementor-widget-container\">\n\t\t\t\t\t\t\t\t\t\t\t\t\t\t\t<img fetchpriority=\"high\" decoding=\"async\" width=\"800\" height=\"526\" src=\"https:\/\/mecanizadosemaldi.com\/wp-content\/uploads\/2023\/05\/spinning-lathe-machine-metal-piece-processing-1024x673.jpg\" class=\"attachment-large size-large wp-image-75\" alt=\"Spinning Lathe Machine Metal Piece Processing\" srcset=\"https:\/\/mecanizadosemaldi.com\/wp-content\/uploads\/2023\/05\/spinning-lathe-machine-metal-piece-processing-1024x673.jpg 1024w, https:\/\/mecanizadosemaldi.com\/wp-content\/uploads\/2023\/05\/spinning-lathe-machine-metal-piece-processing-300x197.jpg 300w, https:\/\/mecanizadosemaldi.com\/wp-content\/uploads\/2023\/05\/spinning-lathe-machine-metal-piece-processing-768x505.jpg 768w, https:\/\/mecanizadosemaldi.com\/wp-content\/uploads\/2023\/05\/spinning-lathe-machine-metal-piece-processing-1536x1009.jpg 1536w, https:\/\/mecanizadosemaldi.com\/wp-content\/uploads\/2023\/05\/spinning-lathe-machine-metal-piece-processing.jpg 2000w\" sizes=\"(max-width: 800px) 100vw, 800px\" \/>\t\t\t\t\t\t\t\t\t\t\t\t\t\t\t<\/div>\n\t\t\t\t<\/div>\n\t\t\t\t<div class=\"elementor-element elementor-element-3a60315b elementor-invisible elementor-widget elementor-widget-button\" data-id=\"3a60315b\" data-element_type=\"widget\" data-e-type=\"widget\" data-settings=\"{&quot;_animation&quot;:&quot;fadeInUp&quot;}\" data-widget_type=\"button.default\">\n\t\t\t\t<div class=\"elementor-widget-container\">\n\t\t\t\t\t\t\t\t\t<div class=\"elementor-button-wrapper\">\n\t\t\t\t\t<a class=\"elementor-button elementor-button-link elementor-size-md\" href=\"https:\/\/mecanizadosemaldi.com\/index.php\/servicio\/\">\n\t\t\t\t\t\t<span class=\"elementor-button-content-wrapper\">\n\t\t\t\t\t\t\t\t\t<span class=\"elementor-button-text\">Servicios<\/span>\n\t\t\t\t\t<\/span>\n\t\t\t\t\t<\/a>\n\t\t\t\t<\/div>\n\t\t\t\t\t\t\t\t<\/div>\n\t\t\t\t<\/div>\n\t\t\t\t\t<\/div>\n\t\t<\/div>\n\t\t\t\t\t<\/div>\n\t\t<\/section>\n\t\t\t\t<section class=\"elementor-section elementor-top-section elementor-element elementor-element-74498859 elementor-section-boxed elementor-section-height-default elementor-section-height-default\" data-id=\"74498859\" data-element_type=\"section\" data-e-type=\"section\" data-settings=\"{&quot;background_background&quot;:&quot;classic&quot;}\">\n\t\t\t\t\t\t\t<div class=\"elementor-background-overlay\"><\/div>\n\t\t\t\t\t\t\t<div class=\"elementor-container elementor-column-gap-default\">\n\t\t\t\t\t<div class=\"elementor-column elementor-col-66 elementor-top-column elementor-element elementor-element-7983f0af\" data-id=\"7983f0af\" data-element_type=\"column\" data-e-type=\"column\">\n\t\t\t<div class=\"elementor-widget-wrap elementor-element-populated\">\n\t\t\t\t\t\t<div class=\"elementor-element elementor-element-3495021d elementor-widget elementor-widget-heading\" data-id=\"3495021d\" data-element_type=\"widget\" data-e-type=\"widget\" data-widget_type=\"heading.default\">\n\t\t\t\t<div class=\"elementor-widget-container\">\n\t\t\t\t\t<h3 class=\"elementor-heading-title elementor-size-default\">CONF\u00cdA EN NOSOTROS PARA TUS PIEZAS MECANIZADAS A MEDIDA<\/h3>\t\t\t\t<\/div>\n\t\t\t\t<\/div>\n\t\t\t\t\t<\/div>\n\t\t<\/div>\n\t\t\t\t<div class=\"elementor-column elementor-col-33 elementor-top-column elementor-element elementor-element-2a7f270d\" data-id=\"2a7f270d\" data-element_type=\"column\" data-e-type=\"column\">\n\t\t\t<div class=\"elementor-widget-wrap elementor-element-populated\">\n\t\t\t\t\t\t<div class=\"elementor-element elementor-element-1b86b084 elementor-align-left elementor-mobile-align-left elementor-widget elementor-widget-button\" data-id=\"1b86b084\" data-element_type=\"widget\" data-e-type=\"widget\" data-widget_type=\"button.default\">\n\t\t\t\t<div class=\"elementor-widget-container\">\n\t\t\t\t\t\t\t\t\t<div class=\"elementor-button-wrapper\">\n\t\t\t\t\t<a class=\"elementor-button elementor-button-link elementor-size-md\" href=\"https:\/\/mecanizadosemaldi.com\/index.php\/contacto\/\">\n\t\t\t\t\t\t<span class=\"elementor-button-content-wrapper\">\n\t\t\t\t\t\t\t\t\t<span class=\"elementor-button-text\">Vamos<\/span>\n\t\t\t\t\t<\/span>\n\t\t\t\t\t<\/a>\n\t\t\t\t<\/div>\n\t\t\t\t\t\t\t\t<\/div>\n\t\t\t\t<\/div>\n\t\t\t\t\t<\/div>\n\t\t<\/div>\n\t\t\t\t\t<\/div>\n\t\t<\/section>\n\t\t\t\t<\/div>\n\t\t","protected":false},"excerpt":{"rendered":"<p>Mecanizados Emaldi Manejo de metales por encargo PROCEDIMIENTOS DE TRANSFORMACI\u00d3N DE METALES Ingenier\u00eda mec\u00e1nica por cuenta de terceros con m\u00e1s de 15 a\u00f1os de experiencia en la ejecuci\u00f3n de transformaci\u00f3n de metales por medio de m\u00e1quinas, realizando servicios tanto por encargo seg\u00fan planos aportados como por empresas de forja. Miles Piezas entregadas Satisfacci\u00f3n Empresas y [&hellip;]<\/p>\n","protected":false},"author":1,"featured_media":0,"parent":0,"menu_order":0,"comment_status":"closed","ping_status":"closed","template":"elementor_canvas","meta":{"footnotes":""},"class_list":["post-2","page","type-page","status-publish","hentry"],"yoast_head":"<!-- This site is optimized with the Yoast SEO plugin v27.3 - https:\/\/yoast.com\/product\/yoast-seo-wordpress\/ -->\n<title>Inicio - Mecanizados Emaldi<\/title>\n<meta name=\"robots\" content=\"index, follow, max-snippet:-1, max-image-preview:large, max-video-preview:-1\" \/>\n<link rel=\"canonical\" href=\"https:\/\/mecanizadosemaldi.com\/pt\/\" \/>\n<meta property=\"og:locale\" content=\"pt_PT\" \/>\n<meta property=\"og:type\" content=\"article\" \/>\n<meta property=\"og:title\" content=\"Inicio - Mecanizados Emaldi\" \/>\n<meta property=\"og:description\" content=\"Mecanizados Emaldi Manejo de metales por encargo PROCEDIMIENTOS DE TRANSFORMACI\u00d3N DE METALES Ingenier\u00eda mec\u00e1nica por cuenta de terceros con m\u00e1s de 15 a\u00f1os de experiencia en la ejecuci\u00f3n de transformaci\u00f3n de metales por medio de m\u00e1quinas, realizando servicios tanto por encargo seg\u00fan planos aportados como por empresas de forja. Miles Piezas entregadas Satisfacci\u00f3n Empresas y [&hellip;]\" \/>\n<meta property=\"og:url\" content=\"https:\/\/mecanizadosemaldi.com\/pt\/\" \/>\n<meta property=\"og:site_name\" content=\"Mecanizados Emaldi\" \/>\n<meta property=\"article:modified_time\" content=\"2023-05-18T11:56:47+00:00\" \/>\n<meta property=\"og:image\" content=\"https:\/\/mecanizadosemaldi.com\/wp-content\/uploads\/2023\/05\/spinning-lathe-machine-metal-piece-processing-1024x673.jpg\" \/>\n<meta name=\"twitter:card\" content=\"summary_large_image\" \/>\n<meta name=\"twitter:label1\" content=\"Tempo estimado de leitura\" \/>\n\t<meta name=\"twitter:data1\" content=\"1 minuto\" \/>\n<script type=\"application\/ld+json\" class=\"yoast-schema-graph\">{\"@context\":\"https:\\\/\\\/schema.org\",\"@graph\":[{\"@type\":\"WebPage\",\"@id\":\"https:\\\/\\\/mecanizadosemaldi.com\\\/\",\"url\":\"https:\\\/\\\/mecanizadosemaldi.com\\\/\",\"name\":\"Inicio - Mecanizados Emaldi\",\"isPartOf\":{\"@id\":\"https:\\\/\\\/mecanizadosemaldi.com\\\/#website\"},\"primaryImageOfPage\":{\"@id\":\"https:\\\/\\\/mecanizadosemaldi.com\\\/#primaryimage\"},\"image\":{\"@id\":\"https:\\\/\\\/mecanizadosemaldi.com\\\/#primaryimage\"},\"thumbnailUrl\":\"https:\\\/\\\/mecanizadosemaldi.com\\\/wp-content\\\/uploads\\\/2023\\\/05\\\/spinning-lathe-machine-metal-piece-processing-1024x673.jpg\",\"datePublished\":\"2023-04-19T11:19:58+00:00\",\"dateModified\":\"2023-05-18T11:56:47+00:00\",\"breadcrumb\":{\"@id\":\"https:\\\/\\\/mecanizadosemaldi.com\\\/#breadcrumb\"},\"inLanguage\":\"pt-PT\",\"potentialAction\":[{\"@type\":\"ReadAction\",\"target\":[\"https:\\\/\\\/mecanizadosemaldi.com\\\/\"]}]},{\"@type\":\"ImageObject\",\"inLanguage\":\"pt-PT\",\"@id\":\"https:\\\/\\\/mecanizadosemaldi.com\\\/#primaryimage\",\"url\":\"https:\\\/\\\/mecanizadosemaldi.com\\\/wp-content\\\/uploads\\\/2023\\\/05\\\/spinning-lathe-machine-metal-piece-processing-1024x673.jpg\",\"contentUrl\":\"https:\\\/\\\/mecanizadosemaldi.com\\\/wp-content\\\/uploads\\\/2023\\\/05\\\/spinning-lathe-machine-metal-piece-processing-1024x673.jpg\"},{\"@type\":\"BreadcrumbList\",\"@id\":\"https:\\\/\\\/mecanizadosemaldi.com\\\/#breadcrumb\",\"itemListElement\":[{\"@type\":\"ListItem\",\"position\":1,\"name\":\"Portada\",\"item\":\"https:\\\/\\\/mecanizadosemaldi.com\\\/\"},{\"@type\":\"ListItem\",\"position\":2,\"name\":\"Inicio\"}]},{\"@type\":\"WebSite\",\"@id\":\"https:\\\/\\\/mecanizadosemaldi.com\\\/#website\",\"url\":\"https:\\\/\\\/mecanizadosemaldi.com\\\/\",\"name\":\"Mecanizados Emaldi\",\"description\":\"A empresa Mecanizados Emaldi con la finalidad de procedimientos de transformaci\u00f3n de metales mediante maquinas-herramientas.\",\"publisher\":{\"@id\":\"https:\\\/\\\/mecanizadosemaldi.com\\\/#organization\"},\"potentialAction\":[{\"@type\":\"SearchAction\",\"target\":{\"@type\":\"EntryPoint\",\"urlTemplate\":\"https:\\\/\\\/mecanizadosemaldi.com\\\/?s={search_term_string}\"},\"query-input\":{\"@type\":\"PropertyValueSpecification\",\"valueRequired\":true,\"valueName\":\"search_term_string\"}}],\"inLanguage\":\"pt-PT\"},{\"@type\":\"Organization\",\"@id\":\"https:\\\/\\\/mecanizadosemaldi.com\\\/#organization\",\"name\":\"Mecanizados Emaldi\",\"url\":\"https:\\\/\\\/mecanizadosemaldi.com\\\/\",\"logo\":{\"@type\":\"ImageObject\",\"inLanguage\":\"pt-PT\",\"@id\":\"https:\\\/\\\/mecanizadosemaldi.com\\\/#\\\/schema\\\/logo\\\/image\\\/\",\"url\":\"https:\\\/\\\/mecanizadosemaldi.com\\\/wp-content\\\/uploads\\\/2023\\\/05\\\/cropped-Emaldi.png\",\"contentUrl\":\"https:\\\/\\\/mecanizadosemaldi.com\\\/wp-content\\\/uploads\\\/2023\\\/05\\\/cropped-Emaldi.png\",\"width\":300,\"height\":264,\"caption\":\"Mecanizados Emaldi\"},\"image\":{\"@id\":\"https:\\\/\\\/mecanizadosemaldi.com\\\/#\\\/schema\\\/logo\\\/image\\\/\"}}]}<\/script>\n<!-- \/ Yoast SEO plugin. -->","yoast_head_json":{"title":"Inicio - Mecanizados Emaldi","robots":{"index":"index","follow":"follow","max-snippet":"max-snippet:-1","max-image-preview":"max-image-preview:large","max-video-preview":"max-video-preview:-1"},"canonical":"https:\/\/mecanizadosemaldi.com\/pt\/","og_locale":"pt_PT","og_type":"article","og_title":"Inicio - Mecanizados Emaldi","og_description":"Mecanizados Emaldi Manejo de metales por encargo PROCEDIMIENTOS DE TRANSFORMACI\u00d3N DE METALES Ingenier\u00eda mec\u00e1nica por cuenta de terceros con m\u00e1s de 15 a\u00f1os de experiencia en la ejecuci\u00f3n de transformaci\u00f3n de metales por medio de m\u00e1quinas, realizando servicios tanto por encargo seg\u00fan planos aportados como por empresas de forja. Miles Piezas entregadas Satisfacci\u00f3n Empresas y [&hellip;]","og_url":"https:\/\/mecanizadosemaldi.com\/pt\/","og_site_name":"Mecanizados Emaldi","article_modified_time":"2023-05-18T11:56:47+00:00","og_image":[{"url":"https:\/\/mecanizadosemaldi.com\/wp-content\/uploads\/2023\/05\/spinning-lathe-machine-metal-piece-processing-1024x673.jpg","type":"","width":"","height":""}],"twitter_card":"summary_large_image","twitter_misc":{"Tempo estimado de leitura":"1 minuto"},"schema":{"@context":"https:\/\/schema.org","@graph":[{"@type":"WebPage","@id":"https:\/\/mecanizadosemaldi.com\/","url":"https:\/\/mecanizadosemaldi.com\/","name":"Inicio - Mecanizados Emaldi","isPartOf":{"@id":"https:\/\/mecanizadosemaldi.com\/#website"},"primaryImageOfPage":{"@id":"https:\/\/mecanizadosemaldi.com\/#primaryimage"},"image":{"@id":"https:\/\/mecanizadosemaldi.com\/#primaryimage"},"thumbnailUrl":"https:\/\/mecanizadosemaldi.com\/wp-content\/uploads\/2023\/05\/spinning-lathe-machine-metal-piece-processing-1024x673.jpg","datePublished":"2023-04-19T11:19:58+00:00","dateModified":"2023-05-18T11:56:47+00:00","breadcrumb":{"@id":"https:\/\/mecanizadosemaldi.com\/#breadcrumb"},"inLanguage":"pt-PT","potentialAction":[{"@type":"ReadAction","target":["https:\/\/mecanizadosemaldi.com\/"]}]},{"@type":"ImageObject","inLanguage":"pt-PT","@id":"https:\/\/mecanizadosemaldi.com\/#primaryimage","url":"https:\/\/mecanizadosemaldi.com\/wp-content\/uploads\/2023\/05\/spinning-lathe-machine-metal-piece-processing-1024x673.jpg","contentUrl":"https:\/\/mecanizadosemaldi.com\/wp-content\/uploads\/2023\/05\/spinning-lathe-machine-metal-piece-processing-1024x673.jpg"},{"@type":"BreadcrumbList","@id":"https:\/\/mecanizadosemaldi.com\/#breadcrumb","itemListElement":[{"@type":"ListItem","position":1,"name":"Portada","item":"https:\/\/mecanizadosemaldi.com\/"},{"@type":"ListItem","position":2,"name":"Inicio"}]},{"@type":"WebSite","@id":"https:\/\/mecanizadosemaldi.com\/#website","url":"https:\/\/mecanizadosemaldi.com\/","name":"Mecanizados Emaldi","description":"A empresa Mecanizados Emaldi con la finalidad de procedimientos de transformaci\u00f3n de metales mediante maquinas-herramientas.","publisher":{"@id":"https:\/\/mecanizadosemaldi.com\/#organization"},"potentialAction":[{"@type":"SearchAction","target":{"@type":"EntryPoint","urlTemplate":"https:\/\/mecanizadosemaldi.com\/?s={search_term_string}"},"query-input":{"@type":"PropertyValueSpecification","valueRequired":true,"valueName":"search_term_string"}}],"inLanguage":"pt-PT"},{"@type":"Organization","@id":"https:\/\/mecanizadosemaldi.com\/#organization","name":"Mecanizados Emaldi","url":"https:\/\/mecanizadosemaldi.com\/","logo":{"@type":"ImageObject","inLanguage":"pt-PT","@id":"https:\/\/mecanizadosemaldi.com\/#\/schema\/logo\/image\/","url":"https:\/\/mecanizadosemaldi.com\/wp-content\/uploads\/2023\/05\/cropped-Emaldi.png","contentUrl":"https:\/\/mecanizadosemaldi.com\/wp-content\/uploads\/2023\/05\/cropped-Emaldi.png","width":300,"height":264,"caption":"Mecanizados Emaldi"},"image":{"@id":"https:\/\/mecanizadosemaldi.com\/#\/schema\/logo\/image\/"}}]}},"_links":{"self":[{"href":"https:\/\/mecanizadosemaldi.com\/pt\/wp-json\/wp\/v2\/pages\/2","targetHints":{"allow":["GET"]}}],"collection":[{"href":"https:\/\/mecanizadosemaldi.com\/pt\/wp-json\/wp\/v2\/pages"}],"about":[{"href":"https:\/\/mecanizadosemaldi.com\/pt\/wp-json\/wp\/v2\/types\/page"}],"author":[{"embeddable":true,"href":"https:\/\/mecanizadosemaldi.com\/pt\/wp-json\/wp\/v2\/users\/1"}],"replies":[{"embeddable":true,"href":"https:\/\/mecanizadosemaldi.com\/pt\/wp-json\/wp\/v2\/comments?post=2"}],"version-history":[{"count":226,"href":"https:\/\/mecanizadosemaldi.com\/pt\/wp-json\/wp\/v2\/pages\/2\/revisions"}],"predecessor-version":[{"id":971,"href":"https:\/\/mecanizadosemaldi.com\/pt\/wp-json\/wp\/v2\/pages\/2\/revisions\/971"}],"wp:attachment":[{"href":"https:\/\/mecanizadosemaldi.com\/pt\/wp-json\/wp\/v2\/media?parent=2"}],"curies":[{"name":"wp","href":"https:\/\/api.w.org\/{rel}","templated":true}]}}